{"id":144,"date":"2025-06-03T11:52:34","date_gmt":"2025-06-03T09:52:34","guid":{"rendered":"https:\/\/www.lequipecle.com\/?page_id=144"},"modified":"2025-11-26T14:51:10","modified_gmt":"2025-11-26T13:51:10","slug":"examples","status":"publish","type":"page","link":"https:\/\/www.lequipecle.com\/index.php\/accueil\/examples\/","title":{"rendered":"Exemples de nos appartements et maisons :"},"content":{"rendered":"<p data-start=\"725\" data-end=\"827\"><strong data-start=\"766\" data-end=\"827\">Villa du Grand Large \u2013 Proche Lyon, Stade, Lac &amp; A\u00e9roport<\/strong><\/p>\n<p>Un aper\u00e7u vous attend\u2026 Cliquez ci-dessous pour <strong data-start=\"1239\" data-end=\"1267\">plonger dans son univers<\/strong>.<\/p>\n\n\n<figure class=\"wp-block-image size-large is-resized is-style-default\"><a href=\"https:\/\/online.pubhtml5.com\/rtxpm\/guah\/\"><img loading=\"lazy\" decoding=\"async\" width=\"1024\" height=\"1017\" src=\"https:\/\/www.lequipecle.com\/wp-content\/uploads\/2025\/06\/Capture-decran-2025-06-03-111634-1024x1017.png\" alt=\"\" class=\"wp-image-150\" style=\"aspect-ratio:1.3333333333333333;object-fit:cover;width:212px;height:auto\" srcset=\"https:\/\/www.lequipecle.com\/wp-content\/uploads\/2025\/06\/Capture-decran-2025-06-03-111634-1024x1017.png 1024w, https:\/\/www.lequipecle.com\/wp-content\/uploads\/2025\/06\/Capture-decran-2025-06-03-111634-300x298.png 300w, https:\/\/www.lequipecle.com\/wp-content\/uploads\/2025\/06\/Capture-decran-2025-06-03-111634-150x150.png 150w, https:\/\/www.lequipecle.com\/wp-content\/uploads\/2025\/06\/Capture-decran-2025-06-03-111634-768x762.png 768w, https:\/\/www.lequipecle.com\/wp-content\/uploads\/2025\/06\/Capture-decran-2025-06-03-111634.png 1232w\" sizes=\"auto, (max-width: 1024px) 100vw, 1024px\" \/><\/a><\/figure>\n\n\n\n<details class=\"wp-block-details is-layout-flow wp-block-details-is-layout-flow\"><summary>Envie de changer d\u2019air ? Bonne nouvelle, la maison ci-dessus est encore <strong>disponible du 5 au 11 juillet<\/strong> !<\/summary><div class=\"wp-block-post-date\"><time datetime=\"2025-06-03T11:52:34+02:00\">3 juin 2025<\/time><\/div><\/details>\n\n\n\n<h4 class=\"wp-block-heading\">D\u00e9couvrez en cliquant ci-dessous : <\/h4>\n\n\n\n<figure class=\"wp-block-gallery has-nested-images columns-default is-cropped wp-block-gallery-1 is-layout-flex wp-block-gallery-is-layout-flex\">\n<figure class=\"wp-block-image size-large\"><a href=\"https:\/\/www.airbnb.fr\/rooms\/1305735549632831920?search_mode=regular_search&amp;adults=1&amp;check_in=2025-12-01&amp;check_out=2025-12-06&amp;children=0&amp;infants=0&amp;pets=0&amp;source_impression_id=p3_1764164703_P38Fz0N7Rd1kjOae&amp;previous_page_section_name=1000&amp;federated_search_id=b99d8200-a1ea-4aa7-8f97-4de3c6d1022e\"><img loading=\"lazy\" decoding=\"async\" width=\"1024\" height=\"683\" data-id=\"196\" src=\"https:\/\/www.lequipecle.com\/wp-content\/uploads\/2025\/11\/Equipe-Cle-Montluel-2-1024x683.jpg\" alt=\"\" class=\"wp-image-196\" srcset=\"https:\/\/www.lequipecle.com\/wp-content\/uploads\/2025\/11\/Equipe-Cle-Montluel-2-1024x683.jpg 1024w, https:\/\/www.lequipecle.com\/wp-content\/uploads\/2025\/11\/Equipe-Cle-Montluel-2-300x200.jpg 300w, https:\/\/www.lequipecle.com\/wp-content\/uploads\/2025\/11\/Equipe-Cle-Montluel-2-768x512.jpg 768w, https:\/\/www.lequipecle.com\/wp-content\/uploads\/2025\/11\/Equipe-Cle-Montluel-2-1536x1024.jpg 1536w, https:\/\/www.lequipecle.com\/wp-content\/uploads\/2025\/11\/Equipe-Cle-Montluel-2.jpg 1600w\" sizes=\"auto, (max-width: 1024px) 100vw, 1024px\" \/><\/a><\/figure>\n\n\n\n<figure class=\"wp-block-image size-large is-style-default\"><a href=\"https:\/\/online.pubhtml5.com\/rtxpm\/guah\/\"><img loading=\"lazy\" decoding=\"async\" width=\"1024\" height=\"611\" data-id=\"148\" src=\"https:\/\/www.lequipecle.com\/wp-content\/uploads\/2025\/06\/ABRI-PISCINE-1-1024x611.jpg\" alt=\"\" class=\"wp-image-148\" srcset=\"https:\/\/www.lequipecle.com\/wp-content\/uploads\/2025\/06\/ABRI-PISCINE-1-1024x611.jpg 1024w, https:\/\/www.lequipecle.com\/wp-content\/uploads\/2025\/06\/ABRI-PISCINE-1-300x179.jpg 300w, https:\/\/www.lequipecle.com\/wp-content\/uploads\/2025\/06\/ABRI-PISCINE-1-768x458.jpg 768w, https:\/\/www.lequipecle.com\/wp-content\/uploads\/2025\/06\/ABRI-PISCINE-1-1536x916.jpg 1536w, https:\/\/www.lequipecle.com\/wp-content\/uploads\/2025\/06\/ABRI-PISCINE-1-2048x1221.jpg 2048w\" sizes=\"auto, (max-width: 1024px) 100vw, 1024px\" \/><\/a><\/figure>\n<\/figure>\n\n\n\n<details class=\"wp-block-details is-layout-flow wp-block-details-is-layout-flow\"><summary><\/summary>\n<p><\/p>\n<\/details>\n\n\n\n<div class=\"wp-block-group alignwide has-global-padding is-layout-constrained wp-block-group-is-layout-constrained\">\n<h1 class=\"wp-block-heading alignwide has-text-align-center has-xx-large-font-size\" style=\"line-height:1.2\">Ce qu\u2019ils ont pens\u00e9 de leur s\u00e9jour :<\/h1>\n<\/div>\n\n\n\n<div class=\"wp-block-group alignfull is-nowrap is-layout-flex wp-container-core-group-is-layout-c0743c59 wp-block-group-is-layout-flex\" style=\"padding-top:var(--wp--preset--spacing--50);padding-right:var(--wp--preset--spacing--50);padding-bottom:var(--wp--preset--spacing--50);padding-left:var(--wp--preset--spacing--50)\">\n<div class=\"wp-block-columns alignwide is-layout-flex wp-container-core-columns-is-layout-ff4b9c61 wp-block-columns-is-layout-flex\" style=\"margin-top:0;margin-bottom:0\">\n<div class=\"wp-block-column is-layout-flow wp-container-core-column-is-layout-8a368f38 wp-block-column-is-layout-flow\">\n<figure class=\"wp-block-image size-full is-style-default\" style=\"margin-top:var(--wp--preset--spacing--30);margin-right:0;margin-bottom:var(--wp--preset--spacing--30);margin-left:0\"><img loading=\"lazy\" decoding=\"async\" width=\"789\" height=\"413\" src=\"https:\/\/www.lequipecle.com\/wp-content\/uploads\/2025\/06\/Capture-decran-2025-06-03-1131313.png\" alt=\"\" class=\"wp-image-165\" srcset=\"https:\/\/www.lequipecle.com\/wp-content\/uploads\/2025\/06\/Capture-decran-2025-06-03-1131313.png 789w, https:\/\/www.lequipecle.com\/wp-content\/uploads\/2025\/06\/Capture-decran-2025-06-03-1131313-300x157.png 300w, https:\/\/www.lequipecle.com\/wp-content\/uploads\/2025\/06\/Capture-decran-2025-06-03-1131313-768x402.png 768w\" sizes=\"auto, (max-width: 789px) 100vw, 789px\" \/><\/figure>\n\n\n\n<figure class=\"wp-block-image size-full is-style-default\" style=\"margin-top:var(--wp--preset--spacing--30);margin-right:0;margin-bottom:var(--wp--preset--spacing--30);margin-left:0\"><img loading=\"lazy\" decoding=\"async\" width=\"841\" height=\"413\" src=\"https:\/\/www.lequipecle.com\/wp-content\/uploads\/2025\/06\/Capture-decran-2025-06-03-1131321.png\" alt=\"\" class=\"wp-image-166\" srcset=\"https:\/\/www.lequipecle.com\/wp-content\/uploads\/2025\/06\/Capture-decran-2025-06-03-1131321.png 841w, https:\/\/www.lequipecle.com\/wp-content\/uploads\/2025\/06\/Capture-decran-2025-06-03-1131321-300x147.png 300w, https:\/\/www.lequipecle.com\/wp-content\/uploads\/2025\/06\/Capture-decran-2025-06-03-1131321-768x377.png 768w\" sizes=\"auto, (max-width: 841px) 100vw, 841px\" \/><\/figure>\n<\/div>\n\n\n\n<div class=\"wp-block-column is-layout-flow wp-container-core-column-is-layout-8736a895 wp-block-column-is-layout-flow\" style=\"padding-top:0\">\n<figure class=\"wp-block-image size-large\"><img loading=\"lazy\" decoding=\"async\" width=\"1024\" height=\"556\" src=\"https:\/\/www.lequipecle.com\/wp-content\/uploads\/2025\/06\/Capture-decran-2025-06-03-112929-1024x556.png\" alt=\"\" class=\"wp-image-156\" srcset=\"https:\/\/www.lequipecle.com\/wp-content\/uploads\/2025\/06\/Capture-decran-2025-06-03-112929-1024x556.png 1024w, https:\/\/www.lequipecle.com\/wp-content\/uploads\/2025\/06\/Capture-decran-2025-06-03-112929-300x163.png 300w, https:\/\/www.lequipecle.com\/wp-content\/uploads\/2025\/06\/Capture-decran-2025-06-03-112929-768x417.png 768w, https:\/\/www.lequipecle.com\/wp-content\/uploads\/2025\/06\/Capture-decran-2025-06-03-112929-1536x835.png 1536w, https:\/\/www.lequipecle.com\/wp-content\/uploads\/2025\/06\/Capture-decran-2025-06-03-112929.png 1881w\" sizes=\"auto, (max-width: 1024px) 100vw, 1024px\" \/><\/figure>\n<\/div>\n\n\n\n<div class=\"wp-block-column is-layout-flow wp-container-core-column-is-layout-8736a895 wp-block-column-is-layout-flow\" style=\"padding-top:0\">\n<figure class=\"wp-block-image size-large\"><a href=\"https:\/\/online.pubhtml5.com\/rtxpm\/xbxz\/\"><img loading=\"lazy\" decoding=\"async\" width=\"1024\" height=\"1021\" src=\"https:\/\/www.lequipecle.com\/wp-content\/uploads\/2025\/06\/Capture-decran-2025-06-03-111714-1024x1021.png\" alt=\"\" class=\"wp-image-149\" srcset=\"https:\/\/www.lequipecle.com\/wp-content\/uploads\/2025\/06\/Capture-decran-2025-06-03-111714-1024x1021.png 1024w, https:\/\/www.lequipecle.com\/wp-content\/uploads\/2025\/06\/Capture-decran-2025-06-03-111714-300x300.png 300w, https:\/\/www.lequipecle.com\/wp-content\/uploads\/2025\/06\/Capture-decran-2025-06-03-111714-150x150.png 150w, https:\/\/www.lequipecle.com\/wp-content\/uploads\/2025\/06\/Capture-decran-2025-06-03-111714-768x766.png 768w, https:\/\/www.lequipecle.com\/wp-content\/uploads\/2025\/06\/Capture-decran-2025-06-03-111714.png 1239w\" sizes=\"auto, (max-width: 1024px) 100vw, 1024px\" \/><\/a><\/figure>\n<\/div>\n<\/div>\n<\/div>\n\n\n\n<p><\/p>\n","protected":false},"excerpt":{"rendered":"<p>Villa du Grand Large \u2013 Proche Lyon, Stade, Lac &amp; A\u00e9roport Un aper\u00e7u vous attend\u2026 Cliquez ci-dessous pour plonger dans son univers. D\u00e9couvrez en cliquant ci-dessous : Ce qu\u2019ils ont pens\u00e9 de leur s\u00e9jour :<\/p>\n","protected":false},"author":1,"featured_media":0,"parent":11,"menu_order":0,"comment_status":"closed","ping_status":"closed","template":"","meta":{"footnotes":""},"class_list":["post-144","page","type-page","status-publish","hentry"],"yoast_head":"<!-- This site is optimized with the Yoast SEO plugin v27.4 - https:\/\/yoast.com\/product\/yoast-seo-wordpress\/ -->\n<title>Exemples de nos appartements et maisons : - L&#039;\u00c9quipe Cl\u00e9<\/title>\n<meta name=\"description\" content=\"Vous pouvez consulter des exemples de nos locations courte dur\u00e9e. N&#039;h\u00e9sitez pas \u00e0 nous contacter pour les louer !\" \/>\n<meta name=\"robots\" content=\"index, follow, max-snippet:-1, max-image-preview:large, max-video-preview:-1\" \/>\n<link rel=\"canonical\" href=\"https:\/\/www.lequipecle.com\/index.php\/accueil\/examples\/\" \/>\n<meta property=\"og:locale\" content=\"fr_FR\" \/>\n<meta property=\"og:type\" content=\"article\" \/>\n<meta property=\"og:title\" content=\"Exemples de nos appartements et maisons : - L&#039;\u00c9quipe Cl\u00e9\" \/>\n<meta property=\"og:description\" content=\"Vous pouvez consulter des exemples de nos locations courte dur\u00e9e. N&#039;h\u00e9sitez pas \u00e0 nous contacter pour les louer !\" \/>\n<meta property=\"og:url\" content=\"https:\/\/www.lequipecle.com\/index.php\/accueil\/examples\/\" \/>\n<meta property=\"og:site_name\" content=\"L&#039;\u00c9quipe Cl\u00e9\" \/>\n<meta property=\"article:modified_time\" content=\"2025-11-26T13:51:10+00:00\" \/>\n<meta property=\"og:image\" content=\"https:\/\/www.lequipecle.com\/wp-content\/uploads\/2025\/06\/Capture-decran-2025-06-03-111634.png\" \/>\n\t<meta property=\"og:image:width\" content=\"1232\" \/>\n\t<meta property=\"og:image:height\" content=\"1223\" \/>\n\t<meta property=\"og:image:type\" content=\"image\/png\" \/>\n<meta name=\"twitter:card\" content=\"summary_large_image\" \/>\n<meta name=\"twitter:label1\" content=\"Dur\u00e9e de lecture estim\u00e9e\" \/>\n\t<meta name=\"twitter:data1\" content=\"2 minutes\" \/>\n<script type=\"application\/ld+json\" class=\"yoast-schema-graph\">{\"@context\":\"https:\\\/\\\/schema.org\",\"@graph\":[{\"@type\":\"WebPage\",\"@id\":\"https:\\\/\\\/www.lequipecle.com\\\/index.php\\\/accueil\\\/examples\\\/\",\"url\":\"https:\\\/\\\/www.lequipecle.com\\\/index.php\\\/accueil\\\/examples\\\/\",\"name\":\"Exemples de nos appartements et maisons : - L&#039;\u00c9quipe Cl\u00e9\",\"isPartOf\":{\"@id\":\"https:\\\/\\\/www.lequipecle.com\\\/#website\"},\"primaryImageOfPage\":{\"@id\":\"https:\\\/\\\/www.lequipecle.com\\\/index.php\\\/accueil\\\/examples\\\/#primaryimage\"},\"image\":{\"@id\":\"https:\\\/\\\/www.lequipecle.com\\\/index.php\\\/accueil\\\/examples\\\/#primaryimage\"},\"thumbnailUrl\":\"https:\\\/\\\/www.lequipecle.com\\\/wp-content\\\/uploads\\\/2025\\\/06\\\/Capture-decran-2025-06-03-111634-1024x1017.png\",\"datePublished\":\"2025-06-03T09:52:34+00:00\",\"dateModified\":\"2025-11-26T13:51:10+00:00\",\"description\":\"Vous pouvez consulter des exemples de nos locations courte dur\u00e9e. N'h\u00e9sitez pas \u00e0 nous contacter pour les louer !\",\"breadcrumb\":{\"@id\":\"https:\\\/\\\/www.lequipecle.com\\\/index.php\\\/accueil\\\/examples\\\/#breadcrumb\"},\"inLanguage\":\"fr-FR\",\"potentialAction\":[{\"@type\":\"ReadAction\",\"target\":[\"https:\\\/\\\/www.lequipecle.com\\\/index.php\\\/accueil\\\/examples\\\/\"]}]},{\"@type\":\"ImageObject\",\"inLanguage\":\"fr-FR\",\"@id\":\"https:\\\/\\\/www.lequipecle.com\\\/index.php\\\/accueil\\\/examples\\\/#primaryimage\",\"url\":\"https:\\\/\\\/www.lequipecle.com\\\/wp-content\\\/uploads\\\/2025\\\/06\\\/Capture-decran-2025-06-03-111634.png\",\"contentUrl\":\"https:\\\/\\\/www.lequipecle.com\\\/wp-content\\\/uploads\\\/2025\\\/06\\\/Capture-decran-2025-06-03-111634.png\",\"width\":1232,\"height\":1223},{\"@type\":\"BreadcrumbList\",\"@id\":\"https:\\\/\\\/www.lequipecle.com\\\/index.php\\\/accueil\\\/examples\\\/#breadcrumb\",\"itemListElement\":[{\"@type\":\"ListItem\",\"position\":1,\"name\":\"Accueil\",\"item\":\"https:\\\/\\\/www.lequipecle.com\\\/\"},{\"@type\":\"ListItem\",\"position\":2,\"name\":\"L&rsquo;\u00c9quipe Cl\u00e9\",\"item\":\"https:\\\/\\\/www.lequipecle.com\\\/\"},{\"@type\":\"ListItem\",\"position\":3,\"name\":\"Exemples de nos appartements et maisons :\"}]},{\"@type\":\"WebSite\",\"@id\":\"https:\\\/\\\/www.lequipecle.com\\\/#website\",\"url\":\"https:\\\/\\\/www.lequipecle.com\\\/\",\"name\":\"L'\u00c9quipe Cl\u00e9\",\"description\":\"Am\u00e9liorez vos revenus locatifs\",\"publisher\":{\"@id\":\"https:\\\/\\\/www.lequipecle.com\\\/#organization\"},\"potentialAction\":[{\"@type\":\"SearchAction\",\"target\":{\"@type\":\"EntryPoint\",\"urlTemplate\":\"https:\\\/\\\/www.lequipecle.com\\\/?s={search_term_string}\"},\"query-input\":{\"@type\":\"PropertyValueSpecification\",\"valueRequired\":true,\"valueName\":\"search_term_string\"}}],\"inLanguage\":\"fr-FR\"},{\"@type\":\"Organization\",\"@id\":\"https:\\\/\\\/www.lequipecle.com\\\/#organization\",\"name\":\"L'\u00c9quipe Cl\u00e9\",\"url\":\"https:\\\/\\\/www.lequipecle.com\\\/\",\"logo\":{\"@type\":\"ImageObject\",\"inLanguage\":\"fr-FR\",\"@id\":\"https:\\\/\\\/www.lequipecle.com\\\/#\\\/schema\\\/logo\\\/image\\\/\",\"url\":\"https:\\\/\\\/www.lequipecle.com\\\/wp-content\\\/uploads\\\/2024\\\/10\\\/cropped-equipe_cle.png\",\"contentUrl\":\"https:\\\/\\\/www.lequipecle.com\\\/wp-content\\\/uploads\\\/2024\\\/10\\\/cropped-equipe_cle.png\",\"width\":512,\"height\":512,\"caption\":\"L'\u00c9quipe Cl\u00e9\"},\"image\":{\"@id\":\"https:\\\/\\\/www.lequipecle.com\\\/#\\\/schema\\\/logo\\\/image\\\/\"}}]}<\/script>\n<!-- \/ Yoast SEO plugin. -->","yoast_head_json":{"title":"Exemples de nos appartements et maisons : - L&#039;\u00c9quipe Cl\u00e9","description":"Vous pouvez consulter des exemples de nos locations courte dur\u00e9e. N'h\u00e9sitez pas \u00e0 nous contacter pour les louer !","robots":{"index":"index","follow":"follow","max-snippet":"max-snippet:-1","max-image-preview":"max-image-preview:large","max-video-preview":"max-video-preview:-1"},"canonical":"https:\/\/www.lequipecle.com\/index.php\/accueil\/examples\/","og_locale":"fr_FR","og_type":"article","og_title":"Exemples de nos appartements et maisons : - L&#039;\u00c9quipe Cl\u00e9","og_description":"Vous pouvez consulter des exemples de nos locations courte dur\u00e9e. N'h\u00e9sitez pas \u00e0 nous contacter pour les louer !","og_url":"https:\/\/www.lequipecle.com\/index.php\/accueil\/examples\/","og_site_name":"L&#039;\u00c9quipe Cl\u00e9","article_modified_time":"2025-11-26T13:51:10+00:00","og_image":[{"width":1232,"height":1223,"url":"https:\/\/www.lequipecle.com\/wp-content\/uploads\/2025\/06\/Capture-decran-2025-06-03-111634.png","type":"image\/png"}],"twitter_card":"summary_large_image","twitter_misc":{"Dur\u00e9e de lecture estim\u00e9e":"2 minutes"},"schema":{"@context":"https:\/\/schema.org","@graph":[{"@type":"WebPage","@id":"https:\/\/www.lequipecle.com\/index.php\/accueil\/examples\/","url":"https:\/\/www.lequipecle.com\/index.php\/accueil\/examples\/","name":"Exemples de nos appartements et maisons : - L&#039;\u00c9quipe Cl\u00e9","isPartOf":{"@id":"https:\/\/www.lequipecle.com\/#website"},"primaryImageOfPage":{"@id":"https:\/\/www.lequipecle.com\/index.php\/accueil\/examples\/#primaryimage"},"image":{"@id":"https:\/\/www.lequipecle.com\/index.php\/accueil\/examples\/#primaryimage"},"thumbnailUrl":"https:\/\/www.lequipecle.com\/wp-content\/uploads\/2025\/06\/Capture-decran-2025-06-03-111634-1024x1017.png","datePublished":"2025-06-03T09:52:34+00:00","dateModified":"2025-11-26T13:51:10+00:00","description":"Vous pouvez consulter des exemples de nos locations courte dur\u00e9e. N'h\u00e9sitez pas \u00e0 nous contacter pour les louer !","breadcrumb":{"@id":"https:\/\/www.lequipecle.com\/index.php\/accueil\/examples\/#breadcrumb"},"inLanguage":"fr-FR","potentialAction":[{"@type":"ReadAction","target":["https:\/\/www.lequipecle.com\/index.php\/accueil\/examples\/"]}]},{"@type":"ImageObject","inLanguage":"fr-FR","@id":"https:\/\/www.lequipecle.com\/index.php\/accueil\/examples\/#primaryimage","url":"https:\/\/www.lequipecle.com\/wp-content\/uploads\/2025\/06\/Capture-decran-2025-06-03-111634.png","contentUrl":"https:\/\/www.lequipecle.com\/wp-content\/uploads\/2025\/06\/Capture-decran-2025-06-03-111634.png","width":1232,"height":1223},{"@type":"BreadcrumbList","@id":"https:\/\/www.lequipecle.com\/index.php\/accueil\/examples\/#breadcrumb","itemListElement":[{"@type":"ListItem","position":1,"name":"Accueil","item":"https:\/\/www.lequipecle.com\/"},{"@type":"ListItem","position":2,"name":"L&rsquo;\u00c9quipe Cl\u00e9","item":"https:\/\/www.lequipecle.com\/"},{"@type":"ListItem","position":3,"name":"Exemples de nos appartements et maisons :"}]},{"@type":"WebSite","@id":"https:\/\/www.lequipecle.com\/#website","url":"https:\/\/www.lequipecle.com\/","name":"L'\u00c9quipe Cl\u00e9","description":"Am\u00e9liorez vos revenus locatifs","publisher":{"@id":"https:\/\/www.lequipecle.com\/#organization"},"potentialAction":[{"@type":"SearchAction","target":{"@type":"EntryPoint","urlTemplate":"https:\/\/www.lequipecle.com\/?s={search_term_string}"},"query-input":{"@type":"PropertyValueSpecification","valueRequired":true,"valueName":"search_term_string"}}],"inLanguage":"fr-FR"},{"@type":"Organization","@id":"https:\/\/www.lequipecle.com\/#organization","name":"L'\u00c9quipe Cl\u00e9","url":"https:\/\/www.lequipecle.com\/","logo":{"@type":"ImageObject","inLanguage":"fr-FR","@id":"https:\/\/www.lequipecle.com\/#\/schema\/logo\/image\/","url":"https:\/\/www.lequipecle.com\/wp-content\/uploads\/2024\/10\/cropped-equipe_cle.png","contentUrl":"https:\/\/www.lequipecle.com\/wp-content\/uploads\/2024\/10\/cropped-equipe_cle.png","width":512,"height":512,"caption":"L'\u00c9quipe Cl\u00e9"},"image":{"@id":"https:\/\/www.lequipecle.com\/#\/schema\/logo\/image\/"}}]}},"jetpack_sharing_enabled":true,"_links":{"self":[{"href":"https:\/\/www.lequipecle.com\/index.php\/wp-json\/wp\/v2\/pages\/144","targetHints":{"allow":["GET"]}}],"collection":[{"href":"https:\/\/www.lequipecle.com\/index.php\/wp-json\/wp\/v2\/pages"}],"about":[{"href":"https:\/\/www.lequipecle.com\/index.php\/wp-json\/wp\/v2\/types\/page"}],"author":[{"embeddable":true,"href":"https:\/\/www.lequipecle.com\/index.php\/wp-json\/wp\/v2\/users\/1"}],"replies":[{"embeddable":true,"href":"https:\/\/www.lequipecle.com\/index.php\/wp-json\/wp\/v2\/comments?post=144"}],"version-history":[{"count":15,"href":"https:\/\/www.lequipecle.com\/index.php\/wp-json\/wp\/v2\/pages\/144\/revisions"}],"predecessor-version":[{"id":197,"href":"https:\/\/www.lequipecle.com\/index.php\/wp-json\/wp\/v2\/pages\/144\/revisions\/197"}],"up":[{"embeddable":true,"href":"https:\/\/www.lequipecle.com\/index.php\/wp-json\/wp\/v2\/pages\/11"}],"wp:attachment":[{"href":"https:\/\/www.lequipecle.com\/index.php\/wp-json\/wp\/v2\/media?parent=144"}],"curies":[{"name":"wp","href":"https:\/\/api.w.org\/{rel}","templated":true}]}}