{"id":11,"date":"2024-10-21T21:53:36","date_gmt":"2024-10-21T19:53:36","guid":{"rendered":"https:\/\/www.lequipecle.com\/?page_id=11"},"modified":"2025-07-16T20:42:25","modified_gmt":"2025-07-16T18:42:25","slug":"accueil","status":"publish","type":"page","link":"https:\/\/www.lequipecle.com\/","title":{"rendered":"L&rsquo;\u00c9quipe Cl\u00e9"},"content":{"rendered":"\n<div class=\"wp-block-cover alignfull wp-duotone-unset-1\" style=\"min-height:642px;aspect-ratio:unset;\"><img loading=\"lazy\" decoding=\"async\" width=\"1024\" height=\"521\" class=\"wp-block-cover__image-background wp-image-13\" alt=\"\" src=\"https:\/\/www.lequipecle.com\/wp-content\/uploads\/2024\/10\/669bda176ced10eeb5c1e7ce_consultancy-hero-scaled-1-1024x521.jpg\" data-object-fit=\"cover\" srcset=\"https:\/\/www.lequipecle.com\/wp-content\/uploads\/2024\/10\/669bda176ced10eeb5c1e7ce_consultancy-hero-scaled-1-1024x521.jpg 1024w, https:\/\/www.lequipecle.com\/wp-content\/uploads\/2024\/10\/669bda176ced10eeb5c1e7ce_consultancy-hero-scaled-1-300x153.jpg 300w, https:\/\/www.lequipecle.com\/wp-content\/uploads\/2024\/10\/669bda176ced10eeb5c1e7ce_consultancy-hero-scaled-1-768x390.jpg 768w, https:\/\/www.lequipecle.com\/wp-content\/uploads\/2024\/10\/669bda176ced10eeb5c1e7ce_consultancy-hero-scaled-1.jpg 1440w\" sizes=\"auto, (max-width: 1024px) 100vw, 1024px\" \/><span aria-hidden=\"true\" class=\"wp-block-cover__background has-background-dim-40 has-background-dim\"><\/span><div class=\"wp-block-cover__inner-container is-layout-flow wp-block-cover-is-layout-flow\">\n<p class=\"has-text-align-left has-x-large-font-size\">Louez en courte dur\u00e9e en toute tranquillit\u00e9<\/p>\n\n\n\n<p class=\"has-medium-font-size\">Un service de conciergerie complet pour la gestion de vos locations courte dur\u00e9e<\/p>\n\n\n\n<div class=\"wp-block-buttons is-layout-flex wp-block-buttons-is-layout-flex\">\n<div class=\"wp-block-button\"><a class=\"wp-block-button__link wp-element-button\" href=\"https:\/\/calendly.com\/sandrineilina\/entretieninitial\" target=\"_blank\" rel=\"noreferrer noopener\">Prendre rendez-vous<\/a><\/div>\n<\/div>\n<\/div><\/div>\n\n\n\n<p class=\"has-text-align-center has-x-large-font-size\" id=\"services\">On s&rsquo;occupe de tout<\/p>\n\n\n\n<div class=\"wp-block-columns is-layout-flex wp-container-core-columns-is-layout-28f84493 wp-block-columns-is-layout-flex\">\n<div class=\"wp-block-column is-vertically-aligned-top is-layout-flow wp-block-column-is-layout-flow\">\n<ul class=\"wp-block-list is-style-checkmark-list\">\n<li>Cr\u00e9ation de l&rsquo;annonce<\/li>\n\n\n\n<li>Photographe professionnel<\/li>\n\n\n\n<li>Pr\u00e9paration de votre logement<\/li>\n\n\n\n<li>M\u00e9nage digne d&rsquo;un 5 \u00e9toiles<\/li>\n<\/ul>\n<\/div>\n\n\n\n<div class=\"wp-block-column is-layout-flow wp-block-column-is-layout-flow\">\n<ul style=\"margin-top:0;margin-right:0;margin-bottom:0;margin-left:0\" class=\"wp-block-list is-style-checkmark-list\">\n<li>Maintenance de votre logement<\/li>\n\n\n\n<li>Accueil des voyageurs<\/li>\n\n\n\n<li>Outils de tarification et calendrier<\/li>\n\n\n\n<li>Communication avec les voyageurs<\/li>\n<\/ul>\n<\/div>\n<\/div>\n\n\n\n<div class=\"wp-block-columns alignwide is-layout-flex wp-container-core-columns-is-layout-28f84493 wp-block-columns-is-layout-flex\">\n<div class=\"wp-block-column is-layout-flow wp-block-column-is-layout-flow\">\n<div class=\"wp-block-cover has-custom-content-position is-position-bottom-right\"><img decoding=\"async\" class=\"wp-block-cover__image-background\" alt=\"\" src=\"https:\/\/cdn.prod.website-files.com\/6518148646135bc56ab100c7\/65181a565771c327f9a46cc5_1.jpg\" data-object-fit=\"cover\"\/><span aria-hidden=\"true\" class=\"wp-block-cover__background has-background-dim-30 has-background-dim\"><\/span><div class=\"wp-block-cover__inner-container is-layout-flow wp-block-cover-is-layout-flow\">\n<p class=\"has-text-align-right has-large-font-size\">M\u00e9nage professionnel<\/p>\n<\/div><\/div>\n<\/div>\n\n\n\n<div class=\"wp-block-column is-layout-flow wp-block-column-is-layout-flow\">\n<div class=\"wp-block-cover has-custom-content-position is-position-bottom-right\"><img decoding=\"async\" class=\"wp-block-cover__image-background\" alt=\"\" src=\"https:\/\/cdn.prod.website-files.com\/6518148646135bc56ab100c7\/65181a567e091bb700bd96a1_2.jpg\" data-object-fit=\"cover\"\/><span aria-hidden=\"true\" class=\"wp-block-cover__background has-background-dim-30 has-background-dim\"><\/span><div class=\"wp-block-cover__inner-container is-layout-flow wp-block-cover-is-layout-flow\">\n<p class=\"has-text-align-right has-large-font-size\">Communication 7j\/7<\/p>\n<\/div><\/div>\n<\/div>\n\n\n\n<div class=\"wp-block-column is-layout-flow wp-block-column-is-layout-flow\">\n<div class=\"wp-block-cover has-custom-content-position is-position-bottom-right\"><img decoding=\"async\" class=\"wp-block-cover__image-background\" alt=\"\" src=\"https:\/\/cdn.prod.website-files.com\/6518148646135bc56ab100c7\/65181a56b52ab1fff7a9f7e4_3.jpg\" data-object-fit=\"cover\"\/><span aria-hidden=\"true\" class=\"wp-block-cover__background has-background-dim-30 has-background-dim\"><\/span><div class=\"wp-block-cover__inner-container is-layout-flow wp-block-cover-is-layout-flow\">\n<p class=\"has-text-align-right has-large-font-size\">Gestion des arriv\u00e9es et d\u00e9parts<\/p>\n<\/div><\/div>\n<\/div>\n\n\n\n<div class=\"wp-block-column is-layout-flow wp-block-column-is-layout-flow\">\n<div class=\"wp-block-cover has-custom-content-position is-position-bottom-right\"><img decoding=\"async\" class=\"wp-block-cover__image-background\" alt=\"\" src=\"https:\/\/cdn.prod.website-files.com\/6518148646135bc56ab100c7\/65181a564cf3869a52d0bb9b_4.jpg\" data-object-fit=\"cover\"\/><span aria-hidden=\"true\" class=\"wp-block-cover__background has-background-dim-30 has-background-dim\"><\/span><div class=\"wp-block-cover__inner-container is-layout-flow wp-block-cover-is-layout-flow\">\n<p class=\"has-text-align-right has-large-font-size\">Photographe professionnel<\/p>\n<\/div><\/div>\n<\/div>\n<\/div>\n\n\n\n<p class=\"has-text-align-center has-x-large-font-size\" id=\"offres\">Nos offres<\/p>\n\n\n\n<div class=\"wp-block-columns alignwide is-layout-flex wp-container-core-columns-is-layout-28f84493 wp-block-columns-is-layout-flex\" style=\"border-style:none;border-width:0px;border-radius:0px\">\n<div class=\"wp-block-column is-vertically-aligned-stretch has-border-color has-cyan-bluish-gray-border-color is-layout-flow wp-block-column-is-layout-flow\" style=\"border-width:3px;padding-top:var(--wp--preset--spacing--30);padding-right:var(--wp--preset--spacing--30);padding-bottom:var(--wp--preset--spacing--30);padding-left:var(--wp--preset--spacing--30);box-shadow:var(--wp--preset--shadow--natural)\">\n<p class=\"has-text-align-center has-large-font-size\"><strong>\u2727<\/strong> Gestion Confort<\/p>\n\n\n\n<p class=\"has-text-align-center has-small-font-size\"><strong>Louez votre investissement locatif en toute tranquillit\u00e9, sans vous soucier de la gestion<\/strong><\/p>\n\n\n\n<p class=\"has-text-align-center has-x-large-font-size\" style=\"margin-right:0;margin-bottom:0;margin-left:0;line-height:1\">17 %<\/p>\n\n\n\n<p class=\"has-text-align-center has-small-font-size\" style=\"padding-top:0;padding-bottom:0;line-height:1.5\">du loyer g\u00e9n\u00e9r\u00e9 par mois<br>(d\u00e9compt\u00e9 des frais de m\u00e9nage)<\/p>\n\n\n\n<div class=\"wp-block-buttons is-content-justification-center is-layout-flex wp-container-core-buttons-is-layout-098cc607 wp-block-buttons-is-layout-flex\">\n<div class=\"wp-block-button\"><a class=\"wp-block-button__link wp-element-button\" href=\"https:\/\/calendly.com\/sandrineilina\/entretieninitial\" target=\"_blank\" rel=\"noreferrer noopener\">Prendre rendez-vous<\/a><\/div>\n<\/div>\n<\/div>\n\n\n\n<div class=\"wp-block-column is-vertically-aligned-stretch has-border-color has-cyan-bluish-gray-border-color is-layout-flow wp-block-column-is-layout-flow\" style=\"border-width:3px;padding-top:var(--wp--preset--spacing--30);padding-right:var(--wp--preset--spacing--30);padding-bottom:var(--wp--preset--spacing--30);padding-left:var(--wp--preset--spacing--30);box-shadow:var(--wp--preset--shadow--natural)\">\n<p class=\"has-text-align-center has-large-font-size\"><strong>\u2727<\/strong> Gestion Premium<\/p>\n\n\n\n<p class=\"has-text-align-center has-small-font-size\"><strong>Service ultra ultra personnalis\u00e9 propos\u00e9 pour rendre chaque s\u00e9jour unique<\/strong><\/p>\n\n\n\n<p class=\"has-text-align-center has-x-large-font-size\" style=\"line-height:1\">21 %<\/p>\n\n\n\n<p class=\"has-text-align-center has-small-font-size\">du loyer g\u00e9n\u00e9r\u00e9 par mois<br>(d\u00e9compt\u00e9 des frais de m\u00e9nage)<\/p>\n\n\n\n<div class=\"wp-block-buttons is-content-justification-center is-layout-flex wp-container-core-buttons-is-layout-098cc607 wp-block-buttons-is-layout-flex\">\n<div class=\"wp-block-button\"><a class=\"wp-block-button__link wp-element-button\" href=\"https:\/\/calendly.com\/sandrineilina\/entretieninitial\" target=\"_blank\" rel=\"noreferrer noopener\">Prendre rendez-vous<\/a><\/div>\n<\/div>\n<\/div>\n\n\n\n<div class=\"wp-block-column is-vertically-aligned-center has-border-color has-cyan-bluish-gray-border-color is-layout-flow wp-block-column-is-layout-flow\" style=\"border-width:3px;padding-top:var(--wp--preset--spacing--30);padding-right:var(--wp--preset--spacing--30);padding-bottom:var(--wp--preset--spacing--30);padding-left:var(--wp--preset--spacing--30);box-shadow:var(--wp--preset--shadow--natural)\">\n<p class=\"has-text-align-center has-large-font-size\"><strong>\u2727<\/strong>Notre Premium Maison\/Villa<\/p>\n\n\n\n<p class=\"has-text-align-center has-small-font-size\"><strong>Service ultra ultra personnalis\u00e9 propos\u00e9 pour rendre chaque s\u00e9jour unique<\/strong><\/p>\n\n\n\n<p class=\"has-text-align-center has-x-large-font-size\" style=\"line-height:1\">25 %<\/p>\n\n\n\n<p class=\"has-text-align-center has-small-font-size\">du loyer g\u00e9n\u00e9r\u00e9 par mois<br>(d\u00e9compt\u00e9 des frais de m\u00e9nage)<\/p>\n\n\n\n<div class=\"wp-block-buttons is-content-justification-center is-layout-flex wp-container-core-buttons-is-layout-098cc607 wp-block-buttons-is-layout-flex\">\n<div class=\"wp-block-button\"><a class=\"wp-block-button__link wp-element-button\" href=\"https:\/\/calendly.com\/sandrineilina\/entretieninitial\" target=\"_blank\" rel=\"noreferrer noopener\">Prendre rendez-vous<\/a><\/div>\n<\/div>\n<\/div>\n<\/div>\n\n\n\n<div class=\"wp-block-cover has-parallax\"><div class=\"wp-block-cover__image-background wp-image-13 has-parallax\" style=\"background-position:50% 50%;background-image:url(https:\/\/www.lequipecle.com\/wp-content\/uploads\/2024\/10\/669bda176ced10eeb5c1e7ce_consultancy-hero-scaled-1-1024x521.jpg)\"><\/div><span aria-hidden=\"true\" class=\"wp-block-cover__background has-background-dim\"><\/span><div class=\"wp-block-cover__inner-container is-layout-flow wp-block-cover-is-layout-flow\">\n<p class=\"has-text-align-center has-large-font-size\">Lorsque l&rsquo;on intervient, vous n&rsquo;aurez plus rien \u00e0 faire&#8230;<br>\u00c0 part encaisser vos loyers<\/p>\n<\/div><\/div>\n","protected":false},"excerpt":{"rendered":"<p>On s&rsquo;occupe de tout Nos offres \u2727 Gestion Confort Louez votre investissement locatif en toute tranquillit\u00e9, sans vous soucier de la gestion 17 % du loyer g\u00e9n\u00e9r\u00e9 par mois(d\u00e9compt\u00e9 des frais de m\u00e9nage) \u2727 Gestion Premium Service ultra ultra personnalis\u00e9 propos\u00e9 pour rendre chaque s\u00e9jour unique 21 % du loyer g\u00e9n\u00e9r\u00e9 par mois(d\u00e9compt\u00e9 des frais [&hellip;]<\/p>\n","protected":false},"author":1,"featured_media":0,"parent":0,"menu_order":0,"comment_status":"closed","ping_status":"closed","template":"page-no-title","meta":{"footnotes":""},"class_list":["post-11","page","type-page","status-publish","hentry"],"yoast_head":"<!-- This site is optimized with the Yoast SEO plugin v27.4 - https:\/\/yoast.com\/product\/yoast-seo-wordpress\/ -->\n<title>L&#039;\u00c9quipe Cl\u00e9 - L&#039;\u00c9quipe Cl\u00e9<\/title>\n<meta name=\"description\" content=\"Nous vous apportons un service de conciergerie complet pour la gestion de vos locations courte dur\u00e9e. Lib\u00e9rez votre temps et rentabilisez\" \/>\n<meta name=\"robots\" content=\"index, follow, max-snippet:-1, max-image-preview:large, max-video-preview:-1\" \/>\n<link rel=\"canonical\" href=\"https:\/\/www.lequipecle.com\/\" \/>\n<meta property=\"og:locale\" content=\"fr_FR\" \/>\n<meta property=\"og:type\" content=\"article\" \/>\n<meta property=\"og:title\" content=\"L&#039;\u00c9quipe Cl\u00e9 - L&#039;\u00c9quipe Cl\u00e9\" \/>\n<meta property=\"og:description\" content=\"Nous vous apportons un service de conciergerie complet pour la gestion de vos locations courte dur\u00e9e. Lib\u00e9rez votre temps et rentabilisez\" \/>\n<meta property=\"og:url\" content=\"https:\/\/www.lequipecle.com\/\" \/>\n<meta property=\"og:site_name\" content=\"L&#039;\u00c9quipe Cl\u00e9\" \/>\n<meta property=\"article:modified_time\" content=\"2025-07-16T18:42:25+00:00\" \/>\n<meta property=\"og:image\" content=\"https:\/\/www.lequipecle.com\/wp-content\/uploads\/2024\/10\/669bda176ced10eeb5c1e7ce_consultancy-hero-scaled-1.jpg\" \/>\n\t<meta property=\"og:image:width\" content=\"1440\" \/>\n\t<meta property=\"og:image:height\" content=\"732\" \/>\n\t<meta property=\"og:image:type\" content=\"image\/jpeg\" \/>\n<meta name=\"twitter:card\" content=\"summary_large_image\" \/>\n<meta name=\"twitter:label1\" content=\"Dur\u00e9e de lecture estim\u00e9e\" \/>\n\t<meta name=\"twitter:data1\" content=\"2 minutes\" \/>\n<script type=\"application\/ld+json\" class=\"yoast-schema-graph\">{\"@context\":\"https:\\\/\\\/schema.org\",\"@graph\":[{\"@type\":\"WebPage\",\"@id\":\"https:\\\/\\\/www.lequipecle.com\\\/\",\"url\":\"https:\\\/\\\/www.lequipecle.com\\\/\",\"name\":\"L'\u00c9quipe Cl\u00e9 - L&#039;\u00c9quipe Cl\u00e9\",\"isPartOf\":{\"@id\":\"https:\\\/\\\/www.lequipecle.com\\\/#website\"},\"primaryImageOfPage\":{\"@id\":\"https:\\\/\\\/www.lequipecle.com\\\/#primaryimage\"},\"image\":{\"@id\":\"https:\\\/\\\/www.lequipecle.com\\\/#primaryimage\"},\"thumbnailUrl\":\"https:\\\/\\\/www.lequipecle.com\\\/wp-content\\\/uploads\\\/2024\\\/10\\\/669bda176ced10eeb5c1e7ce_consultancy-hero-scaled-1-1024x521.jpg\",\"datePublished\":\"2024-10-21T19:53:36+00:00\",\"dateModified\":\"2025-07-16T18:42:25+00:00\",\"description\":\"Nous vous apportons un service de conciergerie complet pour la gestion de vos locations courte dur\u00e9e. Lib\u00e9rez votre temps et rentabilisez\",\"breadcrumb\":{\"@id\":\"https:\\\/\\\/www.lequipecle.com\\\/#breadcrumb\"},\"inLanguage\":\"fr-FR\",\"potentialAction\":[{\"@type\":\"ReadAction\",\"target\":[\"https:\\\/\\\/www.lequipecle.com\\\/\"]}]},{\"@type\":\"ImageObject\",\"inLanguage\":\"fr-FR\",\"@id\":\"https:\\\/\\\/www.lequipecle.com\\\/#primaryimage\",\"url\":\"https:\\\/\\\/www.lequipecle.com\\\/wp-content\\\/uploads\\\/2024\\\/10\\\/669bda176ced10eeb5c1e7ce_consultancy-hero-scaled-1.jpg\",\"contentUrl\":\"https:\\\/\\\/www.lequipecle.com\\\/wp-content\\\/uploads\\\/2024\\\/10\\\/669bda176ced10eeb5c1e7ce_consultancy-hero-scaled-1.jpg\",\"width\":1440,\"height\":732},{\"@type\":\"BreadcrumbList\",\"@id\":\"https:\\\/\\\/www.lequipecle.com\\\/#breadcrumb\",\"itemListElement\":[{\"@type\":\"ListItem\",\"position\":1,\"name\":\"Accueil\",\"item\":\"https:\\\/\\\/www.lequipecle.com\\\/\"},{\"@type\":\"ListItem\",\"position\":2,\"name\":\"L&rsquo;\u00c9quipe Cl\u00e9\"}]},{\"@type\":\"WebSite\",\"@id\":\"https:\\\/\\\/www.lequipecle.com\\\/#website\",\"url\":\"https:\\\/\\\/www.lequipecle.com\\\/\",\"name\":\"L'\u00c9quipe Cl\u00e9\",\"description\":\"Am\u00e9liorez vos revenus locatifs\",\"publisher\":{\"@id\":\"https:\\\/\\\/www.lequipecle.com\\\/#organization\"},\"potentialAction\":[{\"@type\":\"SearchAction\",\"target\":{\"@type\":\"EntryPoint\",\"urlTemplate\":\"https:\\\/\\\/www.lequipecle.com\\\/?s={search_term_string}\"},\"query-input\":{\"@type\":\"PropertyValueSpecification\",\"valueRequired\":true,\"valueName\":\"search_term_string\"}}],\"inLanguage\":\"fr-FR\"},{\"@type\":\"Organization\",\"@id\":\"https:\\\/\\\/www.lequipecle.com\\\/#organization\",\"name\":\"L'\u00c9quipe Cl\u00e9\",\"url\":\"https:\\\/\\\/www.lequipecle.com\\\/\",\"logo\":{\"@type\":\"ImageObject\",\"inLanguage\":\"fr-FR\",\"@id\":\"https:\\\/\\\/www.lequipecle.com\\\/#\\\/schema\\\/logo\\\/image\\\/\",\"url\":\"https:\\\/\\\/www.lequipecle.com\\\/wp-content\\\/uploads\\\/2024\\\/10\\\/cropped-equipe_cle.png\",\"contentUrl\":\"https:\\\/\\\/www.lequipecle.com\\\/wp-content\\\/uploads\\\/2024\\\/10\\\/cropped-equipe_cle.png\",\"width\":512,\"height\":512,\"caption\":\"L'\u00c9quipe Cl\u00e9\"},\"image\":{\"@id\":\"https:\\\/\\\/www.lequipecle.com\\\/#\\\/schema\\\/logo\\\/image\\\/\"}}]}<\/script>\n<!-- \/ Yoast SEO plugin. -->","yoast_head_json":{"title":"L'\u00c9quipe Cl\u00e9 - L&#039;\u00c9quipe Cl\u00e9","description":"Nous vous apportons un service de conciergerie complet pour la gestion de vos locations courte dur\u00e9e. Lib\u00e9rez votre temps et rentabilisez","robots":{"index":"index","follow":"follow","max-snippet":"max-snippet:-1","max-image-preview":"max-image-preview:large","max-video-preview":"max-video-preview:-1"},"canonical":"https:\/\/www.lequipecle.com\/","og_locale":"fr_FR","og_type":"article","og_title":"L'\u00c9quipe Cl\u00e9 - L&#039;\u00c9quipe Cl\u00e9","og_description":"Nous vous apportons un service de conciergerie complet pour la gestion de vos locations courte dur\u00e9e. Lib\u00e9rez votre temps et rentabilisez","og_url":"https:\/\/www.lequipecle.com\/","og_site_name":"L&#039;\u00c9quipe Cl\u00e9","article_modified_time":"2025-07-16T18:42:25+00:00","og_image":[{"width":1440,"height":732,"url":"https:\/\/www.lequipecle.com\/wp-content\/uploads\/2024\/10\/669bda176ced10eeb5c1e7ce_consultancy-hero-scaled-1.jpg","type":"image\/jpeg"}],"twitter_card":"summary_large_image","twitter_misc":{"Dur\u00e9e de lecture estim\u00e9e":"2 minutes"},"schema":{"@context":"https:\/\/schema.org","@graph":[{"@type":"WebPage","@id":"https:\/\/www.lequipecle.com\/","url":"https:\/\/www.lequipecle.com\/","name":"L'\u00c9quipe Cl\u00e9 - L&#039;\u00c9quipe Cl\u00e9","isPartOf":{"@id":"https:\/\/www.lequipecle.com\/#website"},"primaryImageOfPage":{"@id":"https:\/\/www.lequipecle.com\/#primaryimage"},"image":{"@id":"https:\/\/www.lequipecle.com\/#primaryimage"},"thumbnailUrl":"https:\/\/www.lequipecle.com\/wp-content\/uploads\/2024\/10\/669bda176ced10eeb5c1e7ce_consultancy-hero-scaled-1-1024x521.jpg","datePublished":"2024-10-21T19:53:36+00:00","dateModified":"2025-07-16T18:42:25+00:00","description":"Nous vous apportons un service de conciergerie complet pour la gestion de vos locations courte dur\u00e9e. Lib\u00e9rez votre temps et rentabilisez","breadcrumb":{"@id":"https:\/\/www.lequipecle.com\/#breadcrumb"},"inLanguage":"fr-FR","potentialAction":[{"@type":"ReadAction","target":["https:\/\/www.lequipecle.com\/"]}]},{"@type":"ImageObject","inLanguage":"fr-FR","@id":"https:\/\/www.lequipecle.com\/#primaryimage","url":"https:\/\/www.lequipecle.com\/wp-content\/uploads\/2024\/10\/669bda176ced10eeb5c1e7ce_consultancy-hero-scaled-1.jpg","contentUrl":"https:\/\/www.lequipecle.com\/wp-content\/uploads\/2024\/10\/669bda176ced10eeb5c1e7ce_consultancy-hero-scaled-1.jpg","width":1440,"height":732},{"@type":"BreadcrumbList","@id":"https:\/\/www.lequipecle.com\/#breadcrumb","itemListElement":[{"@type":"ListItem","position":1,"name":"Accueil","item":"https:\/\/www.lequipecle.com\/"},{"@type":"ListItem","position":2,"name":"L&rsquo;\u00c9quipe Cl\u00e9"}]},{"@type":"WebSite","@id":"https:\/\/www.lequipecle.com\/#website","url":"https:\/\/www.lequipecle.com\/","name":"L'\u00c9quipe Cl\u00e9","description":"Am\u00e9liorez vos revenus locatifs","publisher":{"@id":"https:\/\/www.lequipecle.com\/#organization"},"potentialAction":[{"@type":"SearchAction","target":{"@type":"EntryPoint","urlTemplate":"https:\/\/www.lequipecle.com\/?s={search_term_string}"},"query-input":{"@type":"PropertyValueSpecification","valueRequired":true,"valueName":"search_term_string"}}],"inLanguage":"fr-FR"},{"@type":"Organization","@id":"https:\/\/www.lequipecle.com\/#organization","name":"L'\u00c9quipe Cl\u00e9","url":"https:\/\/www.lequipecle.com\/","logo":{"@type":"ImageObject","inLanguage":"fr-FR","@id":"https:\/\/www.lequipecle.com\/#\/schema\/logo\/image\/","url":"https:\/\/www.lequipecle.com\/wp-content\/uploads\/2024\/10\/cropped-equipe_cle.png","contentUrl":"https:\/\/www.lequipecle.com\/wp-content\/uploads\/2024\/10\/cropped-equipe_cle.png","width":512,"height":512,"caption":"L'\u00c9quipe Cl\u00e9"},"image":{"@id":"https:\/\/www.lequipecle.com\/#\/schema\/logo\/image\/"}}]}},"jetpack_sharing_enabled":true,"_links":{"self":[{"href":"https:\/\/www.lequipecle.com\/index.php\/wp-json\/wp\/v2\/pages\/11","targetHints":{"allow":["GET"]}}],"collection":[{"href":"https:\/\/www.lequipecle.com\/index.php\/wp-json\/wp\/v2\/pages"}],"about":[{"href":"https:\/\/www.lequipecle.com\/index.php\/wp-json\/wp\/v2\/types\/page"}],"author":[{"embeddable":true,"href":"https:\/\/www.lequipecle.com\/index.php\/wp-json\/wp\/v2\/users\/1"}],"replies":[{"embeddable":true,"href":"https:\/\/www.lequipecle.com\/index.php\/wp-json\/wp\/v2\/comments?post=11"}],"version-history":[{"count":46,"href":"https:\/\/www.lequipecle.com\/index.php\/wp-json\/wp\/v2\/pages\/11\/revisions"}],"predecessor-version":[{"id":199,"href":"https:\/\/www.lequipecle.com\/index.php\/wp-json\/wp\/v2\/pages\/11\/revisions\/199"}],"wp:attachment":[{"href":"https:\/\/www.lequipecle.com\/index.php\/wp-json\/wp\/v2\/media?parent=11"}],"curies":[{"name":"wp","href":"https:\/\/api.w.org\/{rel}","templated":true}]}}